{"id":358,"date":"2018-11-28T15:32:31","date_gmt":"2018-11-28T14:32:31","guid":{"rendered":"http:\/\/test2.chabert-lastelle.com\/?page_id=358"},"modified":"2019-03-11T15:00:32","modified_gmt":"2019-03-11T14:00:32","slug":"expertises","status":"publish","type":"page","link":"https:\/\/chabert-avocats.com\/index.php\/expertises\/","title":{"rendered":"EXPERTISES"},"content":{"rendered":"<p>[vc_row css_animation=\u00a0\u00bb\u00a0\u00bb row_type=\u00a0\u00bbrow\u00a0\u00bb use_row_as_full_screen_section=\u00a0\u00bbyes\u00a0\u00bb type=\u00a0\u00bbfull_width\u00a0\u00bb angled_section=\u00a0\u00bbno\u00a0\u00bb text_align=\u00a0\u00bbcenter\u00a0\u00bb background_image_as_pattern=\u00a0\u00bbwithout_pattern\u00a0\u00bb z_index=\u00a0\u00bb\u00a0\u00bb css=\u00a0\u00bb.vc_custom_1545214152224{padding-top: 150px !important;}\u00a0\u00bb][vc_column][vc_video link=\u00a0\u00bbhttps:\/\/vimeo.com\/307304444&Prime; align=\u00a0\u00bbcenter\u00a0\u00bb][\/vc_column][\/vc_row][vc_row css_animation=\u00a0\u00bb\u00a0\u00bb row_type=\u00a0\u00bbrow\u00a0\u00bb use_row_as_full_screen_section=\u00a0\u00bbno\u00a0\u00bb type=\u00a0\u00bbfull_width\u00a0\u00bb angled_section=\u00a0\u00bbno\u00a0\u00bb text_align=\u00a0\u00bbleft\u00a0\u00bb background_image_as_pattern=\u00a0\u00bbwithout_pattern\u00a0\u00bb][vc_column][vc_empty_space height=\u00a0\u00bb20px\u00a0\u00bb][vc_column_text]<\/p>\n<h4 style=\"text-align: center;\">Le Droit P\u00e9nal<\/h4>\n<p>[\/vc_column_text][vc_empty_space height=\u00a0\u00bb20px\u00a0\u00bb][\/vc_column][\/vc_row][vc_row css_animation=\u00a0\u00bb\u00a0\u00bb row_type=\u00a0\u00bbrow\u00a0\u00bb use_row_as_full_screen_section=\u00a0\u00bbyes\u00a0\u00bb type=\u00a0\u00bbgrid\u00a0\u00bb angled_section=\u00a0\u00bbno\u00a0\u00bb text_align=\u00a0\u00bbleft\u00a0\u00bb background_image_as_pattern=\u00a0\u00bbwithout_pattern\u00a0\u00bb css=\u00a0\u00bb.vc_custom_1550052789760{padding-top: 10px !important;padding-bottom: 140px !important;}\u00a0\u00bb z_index=\u00a0\u00bb\u00a0\u00bb][vc_column width=\u00a0\u00bb1\/4&Prime; el_class=\u00a0\u00bbpm_col1&Prime;]<a  itemprop=\"url\" href=\"http:\/\/chabert-avocats.com\/index.php\/entreprise\/\" target=\"_self\"  class=\"qbutton  small default pm_btn1\" style=\"border-radius: 0px;-moz-border-radius: 0px;-webkit-border-radius: 0px; \">DANS LA VIE EN ENTREPRISE<\/a>[\/vc_column][vc_column width=\u00a0\u00bb1\/4&Prime; el_class=\u00a0\u00bbpm_col1&Prime;]<a  itemprop=\"url\" href=\"http:\/\/chabert-avocats.com\/index.php\/quotidien\/\" target=\"_self\"  class=\"qbutton  small default pm_btn1\" style=\"border-radius: 0px;-moz-border-radius: 0px;-webkit-border-radius: 0px; \">DANS LA VIE QUOTIDIENNE<\/a>[\/vc_column][vc_column width=\u00a0\u00bb1\/4&Prime; el_class=\u00a0\u00bbpm_col1&Prime;]<a  itemprop=\"url\" href=\"http:\/\/chabert-avocats.com\/index.php\/finance\/\" target=\"_self\"  class=\"qbutton  small default pm_btn1\" style=\"border-radius: 0px;-moz-border-radius: 0px;-webkit-border-radius: 0px; \">DANS LA VIE FINANCi\u00c8RE<\/a>[\/vc_column][vc_column width=\u00a0\u00bb1\/4&Prime; el_class=\u00a0\u00bbpm_col1&Prime;]<a  itemprop=\"url\" href=\"http:\/\/chabert-avocats.com\/index.php\/publique\/\" target=\"_self\"  class=\"qbutton  small default pm_btn1\" style=\"border-radius: 0px;-moz-border-radius: 0px;-webkit-border-radius: 0px; \">DANS LA VIE PUBLIQUE<\/a>[\/vc_column][\/vc_row][vc_row css_animation=\u00a0\u00bb\u00a0\u00bb row_type=\u00a0\u00bbrow\u00a0\u00bb use_row_as_full_screen_section=\u00a0\u00bbno\u00a0\u00bb type=\u00a0\u00bbgrid\u00a0\u00bb angled_section=\u00a0\u00bbno\u00a0\u00bb text_align=\u00a0\u00bbcenter\u00a0\u00bb background_image_as_pattern=\u00a0\u00bbwithout_pattern\u00a0\u00bb z_index=\u00a0\u00bb\u00a0\u00bb][vc_column offset=\u00a0\u00bbvc_col-lg-offset-3 vc_col-lg-6&Prime;][vc_empty_space height=\u00a0\u00bb30px\u00a0\u00bb]<div class=\"custom_font_holder\" style=\"font-family: scope one; font-size: 45px; line-height: 26px; font-style: normal; font-weight: 600; color: #1a2ca7; text-decoration: none; letter-spacing: 1,5px; text-align: left;\">R\u00e9activit\u00e9<\/div>[vc_empty_space height=\u00a0\u00bb20px\u00a0\u00bb][vc_column_text]<\/p>\n<p class=\"p1\" style=\"text-align: left;\"><span class=\"s1\">Nous d\u00e9fendons une approche r\u00e9solument humaine.<\/span><\/p>\n<p class=\"p1\" style=\"text-align: left;\"><span class=\"s1\">L\u2019\u00e9coute, la disponibilit\u00e9 et la r\u00e9activit\u00e9 font partie de notre identit\u00e9 tant dans les relations avec nos clients que dans celles qui unissent toute l\u2019\u00e9quipe.<\/span><\/p>\n<p>[\/vc_column_text][vc_empty_space height=\u00a0\u00bb60px\u00a0\u00bb][vc_separator type=\u00a0\u00bbnormal\u00a0\u00bb color=\u00a0\u00bb#1226aa\u00a0\u00bb][vc_empty_space height=\u00a0\u00bb20px\u00a0\u00bb]<div class=\"custom_font_holder\" style=\"font-family: scope one; font-size: 45px; line-height: 26px; font-style: normal; font-weight: 600; color: #1a2ca7; text-decoration: none; letter-spacing: 1,5px; text-align: left;\">Strat\u00e9gie<\/div>[vc_empty_space height=\u00a0\u00bb20px\u00a0\u00bb][vc_column_text]<\/p>\n<p class=\"p1\" style=\"text-align: left;\"><span class=\"s1\">Nous\u00a0d\u00e9finissons avec chaque client une strat\u00e9gie personnelle, affut\u00e9e et percutante<\/span><span class=\"s2\"><b>. <\/b><\/span><span class=\"s1\">Notre exp\u00e9rience, alli\u00e9e \u00e0 notre\u00a0expertise, sont les forces qui nous singularisent.<\/span><\/p>\n<p class=\"p1\" style=\"text-align: left;\"><span class=\"s1\">\u00c9labor\u00e9es en accord parfait avec nos\u00a0clients, les strat\u00e9gies d\u00e9finies ne se limitent pas \u00e0 la d\u00e9fense devant la juridiction p\u00e9nale, mais s\u2019inscrivent dans un environnement global.<\/span><\/p>\n<p>[\/vc_column_text][\/vc_column][\/vc_row][vc_row css_animation=\u00a0\u00bb\u00a0\u00bb row_type=\u00a0\u00bbrow\u00a0\u00bb use_row_as_full_screen_section=\u00a0\u00bbno\u00a0\u00bb type=\u00a0\u00bbgrid\u00a0\u00bb angled_section=\u00a0\u00bbno\u00a0\u00bb text_align=\u00a0\u00bbcenter\u00a0\u00bb background_image_as_pattern=\u00a0\u00bbwithout_pattern\u00a0\u00bb z_index=\u00a0\u00bb\u00a0\u00bb][vc_column offset=\u00a0\u00bbvc_col-lg-offset-3 vc_col-lg-6&Prime;][vc_empty_space height=\u00a0\u00bb60px\u00a0\u00bb][vc_separator type=\u00a0\u00bbnormal\u00a0\u00bb color=\u00a0\u00bb#1226aa\u00a0\u00bb][vc_empty_space height=\u00a0\u00bb20px\u00a0\u00bb]<div class=\"custom_font_holder\" style=\"font-family: scope one; font-size: 45px; line-height: 26px; font-style: normal; font-weight: 600; color: #1a2ca7; text-decoration: none; letter-spacing: 1,5px; text-align: left;\">Coop\u00e9ration<\/div>[vc_empty_space height=\u00a0\u00bb20px\u00a0\u00bb][vc_column_text]<\/p>\n<p class=\"p1\" style=\"text-align: left;\"><span class=\"s1\">C\u2019est en \u00e9quipe que nous nous investissons dans chaque dossier et nos r\u00e9sultats sont le fruit d\u2019une \u00e9troite coop\u00e9ration entre tous les collaborateurs du cabinet.<\/span><\/p>\n<p style=\"text-align: left;\"><span class=\"s1\">Nous travaillons ensemble naturellement, cet esprit d\u2019\u00e9quipe fait partie de nos personnalit\u00e9s et nous croyons en la valeur ajout\u00e9e de la compl\u00e9mentarit\u00e9 des exp\u00e9riences, des personnalit\u00e9s et des visions.<\/span><\/p>\n<p>[\/vc_column_text][\/vc_column][\/vc_row][vc_row css_animation=\u00a0\u00bb\u00a0\u00bb row_type=\u00a0\u00bbrow\u00a0\u00bb use_row_as_full_screen_section=\u00a0\u00bbno\u00a0\u00bb type=\u00a0\u00bbgrid\u00a0\u00bb angled_section=\u00a0\u00bbno\u00a0\u00bb text_align=\u00a0\u00bbcenter\u00a0\u00bb background_image_as_pattern=\u00a0\u00bbwithout_pattern\u00a0\u00bb z_index=\u00a0\u00bb\u00a0\u00bb][vc_column offset=\u00a0\u00bbvc_col-lg-offset-3 vc_col-lg-6&Prime;][vc_empty_space height=\u00a0\u00bb60px\u00a0\u00bb][vc_separator type=\u00a0\u00bbnormal\u00a0\u00bb color=\u00a0\u00bb#1226aa\u00a0\u00bb][vc_empty_space height=\u00a0\u00bb20px\u00a0\u00bb]<div class=\"custom_font_holder\" style=\"font-family: scope one; font-size: 45px; line-height: 26px; font-style: normal; font-weight: 600; color: #1a2ca7; text-decoration: none; letter-spacing: 1,5px; text-align: left;\">D\u00e9ontologie<\/div>[vc_empty_space height=\u00a0\u00bb20px\u00a0\u00bb][vc_column_text]<\/p>\n<p class=\"p1\" style=\"text-align: left;\"><span class=\"s1\">La probit\u00e9 et la loyaut\u00e9 r\u00e9gissent les relations que nous entretenons avec l\u2019ensemble de nos\u00a0interlocuteurs, et constituent le socle de nos\u00a0actions.<\/span><\/p>\n<p class=\"p1\" style=\"text-align: left;\"><span class=\"s1\">Nous avons\u00a0toujours \u00e9t\u00e9 engag\u00e9s dans la vie de l\u2019Ordre des avocats.<\/span><\/p>\n<p class=\"p2\" style=\"text-align: left;\"><span class=\"s2\">Le strict respect du secret professionnel et la confidentialit\u00e9 absolue des \u00e9changes, nous\u00a0unissent \u00e0 nos\u00a0clients.\u00a0<\/span><\/p>\n<p>[\/vc_column_text][vc_empty_space height=\u00a0\u00bb60px\u00a0\u00bb][\/vc_column][\/vc_row][vc_row css_animation=\u00a0\u00bb\u00a0\u00bb row_type=\u00a0\u00bbrow\u00a0\u00bb use_row_as_full_screen_section=\u00a0\u00bbno\u00a0\u00bb type=\u00a0\u00bbfull_width\u00a0\u00bb angled_section=\u00a0\u00bbno\u00a0\u00bb text_align=\u00a0\u00bbleft\u00a0\u00bb background_image=\u00a0\u00bb491&Prime; background_image_as_pattern=\u00a0\u00bbwithout_pattern\u00a0\u00bb z_index=\u00a0\u00bb\u00a0\u00bb][vc_column][rev_slider_vc alias=\u00a0\u00bbHome2&Prime;][\/vc_column][\/vc_row]<\/p>\n","protected":false},"excerpt":{"rendered":"<p>[vc_row css_animation=\u00a0\u00bb\u00a0\u00bb row_type=\u00a0\u00bbrow\u00a0\u00bb use_row_as_full_screen_section=\u00a0\u00bbyes\u00a0\u00bb type=\u00a0\u00bbfull_width\u00a0\u00bb angled_section=\u00a0\u00bbno\u00a0\u00bb text_align=\u00a0\u00bbcenter\u00a0\u00bb background_image_as_pattern=\u00a0\u00bbwithout_pattern\u00a0\u00bb z_index=\u00a0\u00bb\u00a0\u00bb css=\u00a0\u00bb.vc_custom_1545214152224{padding-top: 150px !important;}\u00a0\u00bb][vc_column][vc_video link=\u00a0\u00bbhttps:\/\/vimeo.com\/307304444&Prime; align=\u00a0\u00bbcenter\u00a0\u00bb][\/vc_column][\/vc_row][vc_row css_animation=\u00a0\u00bb\u00a0\u00bb row_type=\u00a0\u00bbrow\u00a0\u00bb use_row_as_full_screen_section=\u00a0\u00bbno\u00a0\u00bb type=\u00a0\u00bbfull_width\u00a0\u00bb angled_section=\u00a0\u00bbno\u00a0\u00bb text_align=\u00a0\u00bbleft\u00a0\u00bb background_image_as_pattern=\u00a0\u00bbwithout_pattern\u00a0\u00bb][vc_column][vc_empty_space height=\u00a0\u00bb20px\u00a0\u00bb][vc_column_text] Le Droit P\u00e9nal [\/vc_column_text][vc_empty_space height=\u00a0\u00bb20px\u00a0\u00bb][\/vc_column][\/vc_row][vc_row css_animation=\u00a0\u00bb\u00a0\u00bb row_type=\u00a0\u00bbrow\u00a0\u00bb use_row_as_full_screen_section=\u00a0\u00bbyes\u00a0\u00bb type=\u00a0\u00bbgrid\u00a0\u00bb angled_section=\u00a0\u00bbno\u00a0\u00bb text_align=\u00a0\u00bbleft\u00a0\u00bb background_image_as_pattern=\u00a0\u00bbwithout_pattern\u00a0\u00bb css=\u00a0\u00bb.vc_custom_1550052789760{padding-top: 10px !important;padding-bottom: 140px !important;}\u00a0\u00bb z_index=\u00a0\u00bb\u00a0\u00bb][vc_column&#8230;<\/p>\n","protected":false},"author":1,"featured_media":0,"parent":0,"menu_order":0,"comment_status":"closed","ping_status":"closed","template":"full_width.php","meta":[],"_links":{"self":[{"href":"https:\/\/chabert-avocats.com\/index.php\/wp-json\/wp\/v2\/pages\/358"}],"collection":[{"href":"https:\/\/chabert-avocats.com\/index.php\/wp-json\/wp\/v2\/pages"}],"about":[{"href":"https:\/\/chabert-avocats.com\/index.php\/wp-json\/wp\/v2\/types\/page"}],"author":[{"embeddable":true,"href":"https:\/\/chabert-avocats.com\/index.php\/wp-json\/wp\/v2\/users\/1"}],"replies":[{"embeddable":true,"href":"https:\/\/chabert-avocats.com\/index.php\/wp-json\/wp\/v2\/comments?post=358"}],"version-history":[{"count":37,"href":"https:\/\/chabert-avocats.com\/index.php\/wp-json\/wp\/v2\/pages\/358\/revisions"}],"predecessor-version":[{"id":687,"href":"https:\/\/chabert-avocats.com\/index.php\/wp-json\/wp\/v2\/pages\/358\/revisions\/687"}],"wp:attachment":[{"href":"https:\/\/chabert-avocats.com\/index.php\/wp-json\/wp\/v2\/media?parent=358"}],"curies":[{"name":"wp","href":"https:\/\/api.w.org\/{rel}","templated":true}]}}