{"id":235,"date":"2018-11-21T10:53:20","date_gmt":"2018-11-21T09:53:20","guid":{"rendered":"http:\/\/www.test2.chabert-lastelle.com\/?page_id=235"},"modified":"2023-09-28T12:08:53","modified_gmt":"2023-09-28T10:08:53","slug":"equipe","status":"publish","type":"page","link":"https:\/\/chabert-avocats.com\/index.php\/equipe\/","title":{"rendered":"\u00c9quipe"},"content":{"rendered":"<p>[vc_row css_animation=\u00a0\u00bb\u00a0\u00bb row_type=\u00a0\u00bbrow\u00a0\u00bb use_row_as_full_screen_section=\u00a0\u00bbno\u00a0\u00bb type=\u00a0\u00bbgrid\u00a0\u00bb angled_section=\u00a0\u00bbno\u00a0\u00bb text_align=\u00a0\u00bbcenter\u00a0\u00bb background_image_as_pattern=\u00a0\u00bbwithout_pattern\u00a0\u00bb z_index=\u00a0\u00bb\u00a0\u00bb css=\u00a0\u00bb.vc_custom_1545215110746{padding-top: 125px !important;padding-bottom: 60px !important;}\u00a0\u00bb][vc_column offset=\u00a0\u00bbvc_col-lg-6 vc_col-md-6&Prime;][qode_elements_holder number_of_columns=\u00a0\u00bbone_column\u00a0\u00bb][qode_elements_holder_item item_padding=\u00a0\u00bb40px 0 0 0&Prime; advanced_animations=\u00a0\u00bbno\u00a0\u00bb item_padding_768_1024=\u00a0\u00bb0px 0 0 0&Prime;][vc_single_image image=\u00a0\u00bb507&Prime; img_size=\u00a0\u00bbfull\u00a0\u00bb qode_css_animation=\u00a0\u00bb\u00a0\u00bb][\/qode_elements_holder_item][\/qode_elements_holder][\/vc_column][vc_column offset=\u00a0\u00bbvc_col-lg-6 vc_col-md-6&Prime;][qode_elements_holder number_of_columns=\u00a0\u00bbone_column\u00a0\u00bb][qode_elements_holder_item item_padding=\u00a0\u00bb68px 45px 0 45px\u00a0\u00bb horizontal_alignment=\u00a0\u00bbleft\u00a0\u00bb advanced_animations=\u00a0\u00bbno\u00a0\u00bb item_padding_1024_1280=\u00a0\u00bb33px 26px 0 26px\u00a0\u00bb item_padding_768_1024=\u00a0\u00bb0px 25px 0 25px\u00a0\u00bb item_padding_600_768=\u00a0\u00bb44px 25px 0 25px\u00a0\u00bb][vc_column_text]<\/p>\n<h4 style=\"text-align: left;\"><strong>Benoit Chabert<\/strong><\/h4>\n<p>[\/vc_column_text][vc_column_text]<\/p>\n<p class=\"p1\" style=\"text-align: left;\"><span class=\"s1\">Avocat depuis 1988<\/span><\/p>\n<p>[\/vc_column_text][vc_empty_space height=\u00a0\u00bb4px\u00a0\u00bb][vc_separator type=\u00a0\u00bbsmall\u00a0\u00bb position=\u00a0\u00bbleft\u00a0\u00bb color=\u00a0\u00bb#1a2ca7&Prime; thickness=\u00a0\u00bb1&Prime; width=\u00a0\u00bb122&Prime;][vc_empty_space height=\u00a0\u00bb9px\u00a0\u00bb][vc_column_text]<\/p>\n<p class=\"p1\" style=\"text-align: left;\"><span class=\"s1\">Sp\u00e9cialiste en droit p\u00e9nal<br \/>\n<\/span><span class=\"s1\">Premier secr\u00e9taire de la Conf\u00e9rence (1990)<br \/>\n<\/span><span class=\"s1\">Membre du Conseil de l\u2019Ordre (1998-2000)<br \/>\n<\/span><span class=\"s1\">Membre du comit\u00e9 d\u2019\u00e9thique du Barreau de Paris (2000 \u2013 2002)<br \/>\n<\/span><span class=\"s1\">Charg\u00e9 d\u2019enseignement \u00e0 l&rsquo;IEP de Paris en droit p\u00e9nal<\/span><\/p>\n<p>[\/vc_column_text][vc_empty_space height=\u00a0\u00bb35px\u00a0\u00bb][vc_column_text]<\/p>\n<p class=\"p1\" style=\"text-align: left;\"><span class=\"s2\"><b>2017\u00a0:<\/b><\/span><span class=\"s1\"> Associ\u00e9 Chabert Lastelle Associ\u00e9s<br \/>\n<\/span><span class=\"s2\"><b>2016\u00a0:<\/b><\/span><span class=\"s1\"> Cabinet Chabert devient Chabert Associ\u00e9s<br \/>\n<\/span><span class=\"s2\"><b>2001\u00a0:<\/b><\/span><span class=\"s1\"> Cr\u00e9ation du cabinet Chabert<br \/>\n<\/span><span class=\"s2\"><b>1991\u00a0:<\/b><\/span><span class=\"s1\"> Associ\u00e9 Cabinet Urbino &amp; Associ\u00e9s<\/span><\/p>\n<p class=\"p2\" style=\"text-align: left;\"><span class=\"s3\">Langues : Fran\u00e7ais, Anglais<\/span><\/p>\n<p>[\/vc_column_text][vc_empty_space height=\u00a0\u00bb35px\u00a0\u00bb]<span class='q_social_icon_holder circle_social' data-color=#1a2ca7 data-hover-background-color=#1a2ca7 data-hover-border-color=#ffffff data-hover-color=#ffffff><a itemprop='url' href='https:\/\/www.linkedin.com\/in\/benoit-chabert-91ab362b\/' target='_self'><span class='fa-stack fa-lg' style='background-color: #ffffff;border-color: #1a2ca7;'><i class=\"qode_icon_font_awesome fa fa-linkedin \" style=\"color: #1a2ca7;\" ><\/i><\/span><\/a><\/span>[\/qode_elements_holder_item][\/qode_elements_holder][\/vc_column][\/vc_row][vc_row css_animation=\u00a0\u00bb\u00a0\u00bb row_type=\u00a0\u00bbrow\u00a0\u00bb use_row_as_full_screen_section=\u00a0\u00bbno\u00a0\u00bb type=\u00a0\u00bbgrid\u00a0\u00bb angled_section=\u00a0\u00bbno\u00a0\u00bb text_align=\u00a0\u00bbcenter\u00a0\u00bb background_image_as_pattern=\u00a0\u00bbwithout_pattern\u00a0\u00bb z_index=\u00a0\u00bb\u00a0\u00bb css=\u00a0\u00bb.vc_custom_1550131403235{padding-top: 0px !important;padding-bottom: 10px !important;}\u00a0\u00bb][vc_column offset=\u00a0\u00bbvc_col-lg-6 vc_col-md-6&Prime;][qode_elements_holder number_of_columns=\u00a0\u00bbone_column\u00a0\u00bb alignment_one_column=\u00a0\u00bbleft\u00a0\u00bb][qode_elements_holder_item item_padding=\u00a0\u00bb0px 2px 0px 2px\u00a0\u00bb horizontal_alignment=\u00a0\u00bbleft\u00a0\u00bb advanced_animations=\u00a0\u00bbno\u00a0\u00bb item_padding_1024_1280=\u00a0\u00bb0px 25px 0 25px\u00a0\u00bb item_padding_600_768=\u00a0\u00bb0px 5px 0 5px\u00a0\u00bb item_padding_480=\u00a0\u00bb15px 45px 45px 45px\u00a0\u00bb custom_class=\u00a0\u00bbpm_collab\u00a0\u00bb][vc_column_text el_class=\u00a0\u00bbpm_collab2&Prime;]<\/p>\n<h2 id=\"pm_H2\" style=\"text-align: left;\"><strong>COLLABORATEURS<\/strong><\/h2>\n<p>[\/vc_column_text][vc_separator type=\u00a0\u00bbnormal\u00a0\u00bb color=\u00a0\u00bb#000000&Prime;][vc_empty_space height=\u00a0\u00bb35px\u00a0\u00bb]<\/p>\n<p>[\/qode_elements_holder_item][\/qode_elements_holder][\/vc_column][vc_column][vc_empty_space][\/vc_column][\/vc_row][vc_row css_animation=\u00a0\u00bb\u00a0\u00bb row_type=\u00a0\u00bbrow\u00a0\u00bb use_row_as_full_screen_section=\u00a0\u00bbno\u00a0\u00bb type=\u00a0\u00bbgrid\u00a0\u00bb angled_section=\u00a0\u00bbno\u00a0\u00bb text_align=\u00a0\u00bbcenter\u00a0\u00bb background_image_as_pattern=\u00a0\u00bbwithout_pattern\u00a0\u00bb z_index=\u00a0\u00bb\u00a0\u00bb css=\u00a0\u00bb.vc_custom_1545218147065{padding-top: 70px !important;padding-bottom: 125px !important;}\u00a0\u00bb][vc_column offset=\u00a0\u00bbvc_col-lg-6 vc_col-md-6&Prime;][qode_elements_holder number_of_columns=\u00a0\u00bbone_column\u00a0\u00bb][qode_elements_holder_item item_padding=\u00a0\u00bb10px 0 0 0&Prime; advanced_animations=\u00a0\u00bbno\u00a0\u00bb item_padding_768_1024=\u00a0\u00bb10px 0 0 0&Prime;][vc_single_image image=\u00a0\u00bb506&Prime; img_size=\u00a0\u00bbfull\u00a0\u00bb qode_css_animation=\u00a0\u00bb\u00a0\u00bb][\/qode_elements_holder_item][\/qode_elements_holder][\/vc_column][vc_column offset=\u00a0\u00bbvc_col-lg-6 vc_col-md-6&Prime;][qode_elements_holder number_of_columns=\u00a0\u00bbone_column\u00a0\u00bb][qode_elements_holder_item item_padding=\u00a0\u00bb68px 45px 0 45px\u00a0\u00bb horizontal_alignment=\u00a0\u00bbleft\u00a0\u00bb advanced_animations=\u00a0\u00bbno\u00a0\u00bb item_padding_1024_1280=\u00a0\u00bb33px 26px 0 26px\u00a0\u00bb item_padding_768_1024=\u00a0\u00bb0px 25px 0 25px\u00a0\u00bb item_padding_600_768=\u00a0\u00bb44px 25px 0 25px\u00a0\u00bb][vc_column_text]<\/p>\n<h4 style=\"text-align: left;\"><strong>Tristan Simon<\/strong><\/h4>\n<p>[\/vc_column_text][vc_column_text][\/vc_column_text][vc_empty_space height=\u00a0\u00bb4px\u00a0\u00bb][vc_separator type=\u00a0\u00bbsmall\u00a0\u00bb position=\u00a0\u00bbleft\u00a0\u00bb color=\u00a0\u00bb#1a2ca7&Prime; thickness=\u00a0\u00bb1&Prime; width=\u00a0\u00bb122&Prime;][vc_empty_space height=\u00a0\u00bb9px\u00a0\u00bb][vc_column_text]Charg\u00e9 d&rsquo;enseignement \u00e0 l&rsquo;Universit\u00e9 Paris 1 en Proc\u00e9dure p\u00e9nale et Droit p\u00e9nal g\u00e9n\u00e9ral<\/p>\n<p><strong>2019\u00a0:<\/strong>\u00a0Certificat d\u2019Aptitude \u00e0 la Profession d\u2019Avocat \u2013 EFB<\/p>\n<p><strong>2017 :<\/strong> Magist\u00e8re de Droit des Activit\u00e9s Economiques (Universit\u00e9 Paris 1 Panth\u00e9on-Sorbonne)<\/p>\n<p><strong>2017 :<\/strong> Master 2 Droit P\u00e9nal International et des Affaires (Universit\u00e9 Paris 1 Panth\u00e9on-Sorbonne)<\/p>\n<p><strong>2016 :<\/strong> Master 1 Droit des Affaires (Universit\u00e9 Paris 1 Panth\u00e9on-Sorbonne)<\/p>\n<p>Langues :\u00a0Fran\u00e7ais, Anglais, Espagnol[\/vc_column_text][vc_empty_space height=\u00a0\u00bb35px\u00a0\u00bb][vc_empty_space height=\u00a0\u00bb35px\u00a0\u00bb]<span class='q_social_icon_holder circle_social' data-color=#1a2ca7 data-hover-background-color=#1a2ca7 data-hover-border-color=#ffffff data-hover-color=#ffffff><a itemprop='url' href='https:\/\/www.linkedin.com\/in\/tristan-simon-822594a6\/' target='_self'><span class='fa-stack fa-lg' style='background-color: #ffffff;border-color: #1a2ca7;'><i class=\"qode_icon_font_awesome fa fa-linkedin \" style=\"color: #1a2ca7;\" ><\/i><\/span><\/a><\/span>[\/qode_elements_holder_item][\/qode_elements_holder][\/vc_column][\/vc_row][vc_row css_animation=\u00a0\u00bb\u00a0\u00bb row_type=\u00a0\u00bbrow\u00a0\u00bb use_row_as_full_screen_section=\u00a0\u00bbno\u00a0\u00bb type=\u00a0\u00bbgrid\u00a0\u00bb angled_section=\u00a0\u00bbno\u00a0\u00bb text_align=\u00a0\u00bbcenter\u00a0\u00bb background_image_as_pattern=\u00a0\u00bbwithout_pattern\u00a0\u00bb z_index=\u00a0\u00bb\u00a0\u00bb css=\u00a0\u00bb.vc_custom_1545218147065{padding-top: 70px !important;padding-bottom: 125px !important;}\u00a0\u00bb][vc_column offset=\u00a0\u00bbvc_col-lg-6 vc_col-md-6&Prime;][qode_elements_holder number_of_columns=\u00a0\u00bbone_column\u00a0\u00bb][qode_elements_holder_item item_padding=\u00a0\u00bb10px 0 0 0&Prime; advanced_animations=\u00a0\u00bbno\u00a0\u00bb item_padding_768_1024=\u00a0\u00bb10px 0 0 0&Prime;][vc_single_image image=\u00a0\u00bb713&Prime; img_size=\u00a0\u00bbfull\u00a0\u00bb qode_css_animation=\u00a0\u00bb\u00a0\u00bb][\/qode_elements_holder_item][\/qode_elements_holder][\/vc_column][vc_column offset=\u00a0\u00bbvc_col-lg-6 vc_col-md-6&Prime;][qode_elements_holder number_of_columns=\u00a0\u00bbone_column\u00a0\u00bb][qode_elements_holder_item item_padding=\u00a0\u00bb68px 45px 0 45px\u00a0\u00bb horizontal_alignment=\u00a0\u00bbleft\u00a0\u00bb advanced_animations=\u00a0\u00bbno\u00a0\u00bb item_padding_1024_1280=\u00a0\u00bb33px 26px 0 26px\u00a0\u00bb item_padding_768_1024=\u00a0\u00bb0px 25px 0 25px\u00a0\u00bb item_padding_600_768=\u00a0\u00bb44px 25px 0 25px\u00a0\u00bb][vc_column_text]<\/p>\n<h4 style=\"text-align: left;\"><strong>Romy Lorent<\/strong><\/h4>\n<p>[\/vc_column_text][vc_column_text][\/vc_column_text][vc_empty_space height=\u00a0\u00bb4px\u00a0\u00bb][vc_separator type=\u00a0\u00bbsmall\u00a0\u00bb position=\u00a0\u00bbleft\u00a0\u00bb color=\u00a0\u00bb#1a2ca7&Prime; thickness=\u00a0\u00bb1&Prime; width=\u00a0\u00bb122&Prime;][vc_empty_space height=\u00a0\u00bb9px\u00a0\u00bb][vc_column_text]<\/p>\n<p><strong>2020 :<\/strong>\u00a0Certificat d\u2019Aptitude \u00e0 la Profession d\u2019Avocat \u2013 EFB<\/p>\n<p><strong>2016 :<\/strong> Master 2 Droit P\u00e9nal et Politique criminelle en Europe (Universit\u00e9 Paris 1 Panth\u00e9on-Sorbonne)<\/p>\n<p><strong>2015 :<\/strong> Master 1 Droit Europ\u00e9en (Universit\u00e9 Paris 1 Panth\u00e9on-Sorbonne)<\/p>\n<p>Langues :\u00a0Fran\u00e7ais, Anglais, Espagnol[\/vc_column_text][vc_empty_space height=\u00a0\u00bb35px\u00a0\u00bb][vc_empty_space height=\u00a0\u00bb35px\u00a0\u00bb]<span class='q_social_icon_holder circle_social' data-color=#1a2ca7 data-hover-background-color=#1a2ca7 data-hover-border-color=#ffffff data-hover-color=#ffffff><a itemprop='url' href='https:\/\/www.linkedin.com\/in\/romy-lorent-0338181a4\/' target='_self'><span class='fa-stack fa-lg' style='background-color: #ffffff;border-color: #1a2ca7;'><i class=\"qode_icon_font_awesome fa fa-linkedin \" style=\"color: #1a2ca7;\" ><\/i><\/span><\/a><\/span>[\/qode_elements_holder_item][\/qode_elements_holder][\/vc_column][\/vc_row]<\/p>\n","protected":false},"excerpt":{"rendered":"<p>[vc_row css_animation=\u00a0\u00bb\u00a0\u00bb row_type=\u00a0\u00bbrow\u00a0\u00bb use_row_as_full_screen_section=\u00a0\u00bbno\u00a0\u00bb type=\u00a0\u00bbgrid\u00a0\u00bb angled_section=\u00a0\u00bbno\u00a0\u00bb text_align=\u00a0\u00bbcenter\u00a0\u00bb background_image_as_pattern=\u00a0\u00bbwithout_pattern\u00a0\u00bb z_index=\u00a0\u00bb\u00a0\u00bb css=\u00a0\u00bb.vc_custom_1545215110746{padding-top: 125px !important;padding-bottom: 60px !important;}\u00a0\u00bb][vc_column offset=\u00a0\u00bbvc_col-lg-6 vc_col-md-6&Prime;][qode_elements_holder number_of_columns=\u00a0\u00bbone_column\u00a0\u00bb][qode_elements_holder_item item_padding=\u00a0\u00bb40px 0 0 0&Prime; advanced_animations=\u00a0\u00bbno\u00a0\u00bb item_padding_768_1024=\u00a0\u00bb0px 0 0 0&Prime;][vc_single_image image=\u00a0\u00bb507&Prime; img_size=\u00a0\u00bbfull\u00a0\u00bb qode_css_animation=\u00a0\u00bb\u00a0\u00bb][\/qode_elements_holder_item][\/qode_elements_holder][\/vc_column][vc_column offset=\u00a0\u00bbvc_col-lg-6 vc_col-md-6&Prime;][qode_elements_holder number_of_columns=\u00a0\u00bbone_column\u00a0\u00bb][qode_elements_holder_item item_padding=\u00a0\u00bb68px 45px 0 45px\u00a0\u00bb horizontal_alignment=\u00a0\u00bbleft\u00a0\u00bb advanced_animations=\u00a0\u00bbno\u00a0\u00bb item_padding_1024_1280=\u00a0\u00bb33px 26px&#8230;<\/p>\n","protected":false},"author":1,"featured_media":0,"parent":0,"menu_order":0,"comment_status":"closed","ping_status":"closed","template":"","meta":[],"_links":{"self":[{"href":"https:\/\/chabert-avocats.com\/index.php\/wp-json\/wp\/v2\/pages\/235"}],"collection":[{"href":"https:\/\/chabert-avocats.com\/index.php\/wp-json\/wp\/v2\/pages"}],"about":[{"href":"https:\/\/chabert-avocats.com\/index.php\/wp-json\/wp\/v2\/types\/page"}],"author":[{"embeddable":true,"href":"https:\/\/chabert-avocats.com\/index.php\/wp-json\/wp\/v2\/users\/1"}],"replies":[{"embeddable":true,"href":"https:\/\/chabert-avocats.com\/index.php\/wp-json\/wp\/v2\/comments?post=235"}],"version-history":[{"count":84,"href":"https:\/\/chabert-avocats.com\/index.php\/wp-json\/wp\/v2\/pages\/235\/revisions"}],"predecessor-version":[{"id":717,"href":"https:\/\/chabert-avocats.com\/index.php\/wp-json\/wp\/v2\/pages\/235\/revisions\/717"}],"wp:attachment":[{"href":"https:\/\/chabert-avocats.com\/index.php\/wp-json\/wp\/v2\/media?parent=235"}],"curies":[{"name":"wp","href":"https:\/\/api.w.org\/{rel}","templated":true}]}}