{"id":188,"date":"2018-01-08T13:49:57","date_gmt":"2018-01-08T12:49:57","guid":{"rendered":"http:\/\/bridge128.qodeinteractive.com\/?page_id=4"},"modified":"2019-03-01T16:47:17","modified_gmt":"2019-03-01T15:47:17","slug":"home","status":"publish","type":"page","link":"https:\/\/chabert-avocats.com\/","title":{"rendered":"Le Cabinet"},"content":{"rendered":"<p>[vc_row css_animation=\u00a0\u00bb\u00a0\u00bb row_type=\u00a0\u00bbrow\u00a0\u00bb use_row_as_full_screen_section=\u00a0\u00bbno\u00a0\u00bb type=\u00a0\u00bbfull_width\u00a0\u00bb angled_section=\u00a0\u00bbno\u00a0\u00bb text_align=\u00a0\u00bbleft\u00a0\u00bb background_image_as_pattern=\u00a0\u00bbwithout_pattern\u00a0\u00bb css=\u00a0\u00bb.vc_custom_1550124793162{padding-top: 137px !important;padding-bottom: 120px !important;background-image: url(http:\/\/chabert-avocats.com\/wp-content\/uploads\/2018\/11\/BACKGROUND.jpg?id=262) !important;}\u00a0\u00bb z_index=\u00a0\u00bb\u00a0\u00bb el_class=\u00a0\u00bbpm_mark1&Prime;][vc_column][vc_column_text]<\/p>\n<h1 style=\"text-align: center;\"><span style=\"color: #ffffff;\">LE CABINET<\/span><\/h1>\n<p>[\/vc_column_text][\/vc_column][\/vc_row][vc_row css_animation=\u00a0\u00bb\u00a0\u00bb row_type=\u00a0\u00bbrow\u00a0\u00bb use_row_as_full_screen_section=\u00a0\u00bbno\u00a0\u00bb type=\u00a0\u00bbfull_width\u00a0\u00bb angled_section=\u00a0\u00bbno\u00a0\u00bb text_align=\u00a0\u00bbleft\u00a0\u00bb background_image_as_pattern=\u00a0\u00bbwithout_pattern\u00a0\u00bb css=\u00a0\u00bb.vc_custom_1550055938220{padding-top: 55px !important;padding-bottom: 10px !important;}\u00a0\u00bb z_index=\u00a0\u00bb\u00a0\u00bb][vc_column offset=\u00a0\u00bbvc_col-xs-12&Prime;][qode_elements_holder number_of_columns=\u00a0\u00bbone_column\u00a0\u00bb alignment_one_column=\u00a0\u00bbcenter\u00a0\u00bb][qode_elements_holder_item advanced_animations=\u00a0\u00bbno\u00a0\u00bb item_padding_1024_1280=\u00a0\u00bb0px 20% 0 20%\u00a0\u00bb item_padding_768_1024=\u00a0\u00bb0px 7% 0 7%\u00a0\u00bb][vc_column_text el_class=\u00a0\u00bbpm_text1&Prime;]<\/p>\n<p style=\"text-align: center;\">Benoit CHABERT cr\u00e9e son cabinet en 2001 guid\u00e9 par une ambition : celle de partager avec ses clients l\u2019excellence de la d\u00e9fense p\u00e9nale.<\/p>\n<p>&nbsp;<\/p>\n<p style=\"text-align: center;\">Rapidement son\u00a0savoir-faire, sa\u00a0pugnacit\u00e9 et celle de son \u00e9quipe\u00a0sont\u00a0reconnus et il se voit\u00a0confier des dossiers complexes, sensibles et m\u00e9diatiques en particulier en droit p\u00e9nal des affaires, droit p\u00e9nal de la sant\u00e9 et droit p\u00e9nal de la presse. \u00a0Son cabinet va ainsi acqu\u00e9rir une r\u00e9putation forte et s\u00e9rieuse int\u00e9grant\u00a0plusieurs expertises concentr\u00e9es sur un m\u00e9tier unique dont il est devenu une r\u00e9f\u00e9rence : la d\u00e9fense p\u00e9nale.<\/p>\n<p>&nbsp;<\/p>\n<p style=\"text-align: center;\">Son\u00a0cabinet se structure\u00a0autour de l\u2019identit\u00e9 et des besoins de ses\u00a0clients, personnes morales ou physiques, en termes de visions strat\u00e9giques, de ma\u00eetrise globale de l\u2019environnement et de communication externe. Cette approche sur-mesure et transverse lui\u00a0permet de les accompagner au mieux. Seul le client compte\u00a0!<\/p>\n<p>&nbsp;<\/p>\n<p style=\"text-align: center;\">Ses domaines d\u2019interventions s\u2019articulent autour du droit p\u00e9nal dans la vie de l\u2019entreprise, dans la vie quotidienne, dans la vie financi\u00e8re et dans la vie publique.<\/p>\n<p>&nbsp;<\/p>\n<p style=\"text-align: center;\">Aux valeurs originelles\u00a0que sont l\u2019excellence, l\u2019int\u00e9grit\u00e9 et le respect de chacun, il associe\u00a0aujourd\u2019hui la force d\u2019une \u00e9quipe compos\u00e9e\u00a0d\u2019experts pour r\u00e9pondre \u00e0 la complexit\u00e9 croissante des enjeux\u00a0juridiques et judiciaires.<\/p>\n<p>[\/vc_column_text][vc_empty_space height=\u00a0\u00bb60px\u00a0\u00bb][vc_separator type=\u00a0\u00bbnormal\u00a0\u00bb color=\u00a0\u00bb#1a2ca7&Prime;][vc_empty_space height=\u00a0\u00bb10px\u00a0\u00bb][vc_column_text]<\/p>\n<h4 style=\"text-align: center;\">CLASSEMENT<\/h4>\n<p>[\/vc_column_text][vc_empty_space height=\u00a0\u00bb10px\u00a0\u00bb][vc_column_text]<\/p>\n<p class=\"p2\" style=\"text-align: center;\"><span class=\"s1\"><a href=\"https:\/\/mi2-avocats.fr\/wp-content\/uploads\/2017\/01\/actu-2015-www_legal500_fr_c_paris_resolution_des_litiges_droit_penal.pdf\" target=\"_blank\" rel=\"noopener\">R\u00e9solution des litiges<\/a><a href=\"https:\/\/mi2-avocats.fr\/wp-content\/uploads\/2017\/01\/actu-2015-www_legal500_fr_c_paris_resolution_des_litiges_droit_penal.pdf\" target=\"_blank\" rel=\"noopener\"><br \/>\n<strong><span style=\"color: #1a2ca7;\">Droit p\u00e9nal des affaires<\/span><\/strong><\/a><\/span><\/p>\n<p>[\/vc_column_text][vc_empty_space height=\u00a0\u00bb10px\u00a0\u00bb][vc_column_text]<\/p>\n<p class=\"p2\" style=\"text-align: center;\">LEGAL 500 2016\/2017<\/p>\n<p>[\/vc_column_text][vc_empty_space height=\u00a0\u00bb10px\u00a0\u00bb][vc_separator type=\u00a0\u00bbnormal\u00a0\u00bb color=\u00a0\u00bb#1a2ca7&Prime;][vc_column_text]<\/p>\n<h4 style=\"text-align: center;\">CLASSEMENT<\/h4>\n<p>[\/vc_column_text][vc_column_text]<\/p>\n<p class=\"p2\" style=\"text-align: center;\"><span class=\"s1\"><a href=\"https:\/\/www.magazine-decideurs.com\/classements\/contentieux-arbitrage-droit-penal-des-affaires-classement-2018-cabinet-d-avocats-france?locale=fr\" target=\"_blank\" rel=\"noopener\">\u201c Excellent \u201d<\/a><\/span><\/p>\n<p class=\"p2\" style=\"text-align: center;\"><a href=\"https:\/\/www.magazine-decideurs.com\/classements\/contentieux-arbitrage-droit-penal-des-affaires-classement-2018-cabinet-d-avocats-france?locale=fr\" target=\"_blank\" rel=\"noopener\"><span class=\"s1\">Contentieux &amp; Arbitrage<br \/>\n<span style=\"color: #1a2ca7;\"><strong>Droit p\u00e9nal des affaires<\/strong><\/span><\/span><\/a><\/p>\n<p>[\/vc_column_text][vc_column_text]<\/p>\n<p class=\"p2\" style=\"text-align: center;\">MAGAZINE D\u00c9CIDEURS<\/p>\n<p>[\/vc_column_text][vc_empty_space height=\u00a0\u00bb10px\u00a0\u00bb][vc_separator type=\u00a0\u00bbnormal\u00a0\u00bb color=\u00a0\u00bb#1a2ca7&Prime;][vc_column_text]<\/p>\n<h4 style=\"text-align: center;\">CLASSEMENT<\/h4>\n<p>[\/vc_column_text][vc_column_text]<\/p>\n<p class=\"p2\" style=\"text-align: center;\"><span class=\"s1\"><a href=\"https:\/\/www.leadersleague.com\/en\/rankings\/litigation-arbitration-white-collar-crime-ranking-2019-law-firm-france\" target=\"_blank\" rel=\"noopener\">\u201c Excellent \u201d<\/a><\/span><\/p>\n<p class=\"p2\" style=\"text-align: center;\"><a href=\"https:\/\/www.leadersleague.com\/en\/rankings\/litigation-arbitration-white-collar-crime-ranking-2019-law-firm-france\" target=\"_blank\" rel=\"noopener\"><span class=\"s1\">Contentieux &amp; Arbitrage<br \/>\n<span style=\"color: #1a2ca7;\"><strong>White collar crime<\/strong><\/span><\/span><\/a><\/p>\n<p>[\/vc_column_text][vc_column_text]<\/p>\n<p class=\"p2\" style=\"text-align: center;\">LEADERS LEAGUE<\/p>\n<p>[\/vc_column_text][vc_empty_space height=\u00a0\u00bb10px\u00a0\u00bb][vc_separator type=\u00a0\u00bbnormal\u00a0\u00bb color=\u00a0\u00bb#1a2ca7&Prime;][vc_column_text]<\/p>\n<h4 style=\"text-align: center;\">PORTRAIT BENO\u00ceT CHABERT<\/h4>\n<p>[\/vc_column_text][vc_column_text]<\/p>\n<p class=\"p2\" style=\"text-align: center;\"><a href=\"http:\/\/chabert-avocats.com\/wp-content\/uploads\/2019\/02\/GQ.octobre.2014.pdf\" target=\"_blank\" rel=\"noopener\"><span style=\"color: #1a2ca7;\"><strong>\u00ab\u00a0Le Battant\u00a0\u00bb<\/strong><\/span><\/a><\/p>\n<p>[\/vc_column_text][vc_column_text]<\/p>\n<p class=\"p2\" style=\"text-align: center;\"><a href=\"http:\/\/chabert-avocats.com\/wp-content\/uploads\/2019\/02\/GQ.octobre.2014.pdf\" target=\"_blank\" rel=\"noopener\">MAGAZINE GQ<\/a><\/p>\n<p>[\/vc_column_text][vc_empty_space height=\u00a0\u00bb60px\u00a0\u00bb][\/qode_elements_holder_item][\/qode_elements_holder][\/vc_column][\/vc_row][vc_row css_animation=\u00a0\u00bb\u00a0\u00bb row_type=\u00a0\u00bbrow\u00a0\u00bb use_row_as_full_screen_section=\u00a0\u00bbyes\u00a0\u00bb type=\u00a0\u00bbfull_width\u00a0\u00bb angled_section=\u00a0\u00bbno\u00a0\u00bb text_align=\u00a0\u00bbleft\u00a0\u00bb background_image=\u00a0\u00bb518&Prime; background_image_as_pattern=\u00a0\u00bbwithout_pattern\u00a0\u00bb z_index=\u00a0\u00bb\u00a0\u00bb][vc_column][rev_slider_vc alias=\u00a0\u00bbHome2&Prime;][\/vc_column][\/vc_row]<\/p>\n","protected":false},"excerpt":{"rendered":"<p>[vc_row css_animation=\u00a0\u00bb\u00a0\u00bb row_type=\u00a0\u00bbrow\u00a0\u00bb use_row_as_full_screen_section=\u00a0\u00bbno\u00a0\u00bb type=\u00a0\u00bbfull_width\u00a0\u00bb angled_section=\u00a0\u00bbno\u00a0\u00bb text_align=\u00a0\u00bbleft\u00a0\u00bb background_image_as_pattern=\u00a0\u00bbwithout_pattern\u00a0\u00bb css=\u00a0\u00bb.vc_custom_1550124793162{padding-top: 137px !important;padding-bottom: 120px !important;background-image: url(http:\/\/chabert-avocats.com\/wp-content\/uploads\/2018\/11\/BACKGROUND.jpg?id=262) !important;}\u00a0\u00bb z_index=\u00a0\u00bb\u00a0\u00bb el_class=\u00a0\u00bbpm_mark1&Prime;][vc_column][vc_column_text] LE CABINET [\/vc_column_text][\/vc_column][\/vc_row][vc_row css_animation=\u00a0\u00bb\u00a0\u00bb row_type=\u00a0\u00bbrow\u00a0\u00bb use_row_as_full_screen_section=\u00a0\u00bbno\u00a0\u00bb type=\u00a0\u00bbfull_width\u00a0\u00bb angled_section=\u00a0\u00bbno\u00a0\u00bb text_align=\u00a0\u00bbleft\u00a0\u00bb background_image_as_pattern=\u00a0\u00bbwithout_pattern\u00a0\u00bb css=\u00a0\u00bb.vc_custom_1550055938220{padding-top: 55px !important;padding-bottom: 10px !important;}\u00a0\u00bb z_index=\u00a0\u00bb\u00a0\u00bb][vc_column offset=\u00a0\u00bbvc_col-xs-12&Prime;][qode_elements_holder number_of_columns=\u00a0\u00bbone_column\u00a0\u00bb alignment_one_column=\u00a0\u00bbcenter\u00a0\u00bb][qode_elements_holder_item advanced_animations=\u00a0\u00bbno\u00a0\u00bb item_padding_1024_1280=\u00a0\u00bb0px 20% 0&#8230;<\/p>\n","protected":false},"author":1,"featured_media":0,"parent":0,"menu_order":0,"comment_status":"closed","ping_status":"closed","template":"full_width.php","meta":[],"_links":{"self":[{"href":"https:\/\/chabert-avocats.com\/index.php\/wp-json\/wp\/v2\/pages\/188"}],"collection":[{"href":"https:\/\/chabert-avocats.com\/index.php\/wp-json\/wp\/v2\/pages"}],"about":[{"href":"https:\/\/chabert-avocats.com\/index.php\/wp-json\/wp\/v2\/types\/page"}],"author":[{"embeddable":true,"href":"https:\/\/chabert-avocats.com\/index.php\/wp-json\/wp\/v2\/users\/1"}],"replies":[{"embeddable":true,"href":"https:\/\/chabert-avocats.com\/index.php\/wp-json\/wp\/v2\/comments?post=188"}],"version-history":[{"count":73,"href":"https:\/\/chabert-avocats.com\/index.php\/wp-json\/wp\/v2\/pages\/188\/revisions"}],"predecessor-version":[{"id":679,"href":"https:\/\/chabert-avocats.com\/index.php\/wp-json\/wp\/v2\/pages\/188\/revisions\/679"}],"wp:attachment":[{"href":"https:\/\/chabert-avocats.com\/index.php\/wp-json\/wp\/v2\/media?parent=188"}],"curies":[{"name":"wp","href":"https:\/\/api.w.org\/{rel}","templated":true}]}}